{"id":1519,"date":"2020-07-31T11:28:15","date_gmt":"2020-07-31T11:28:15","guid":{"rendered":"https:\/\/diguelsfere.com\/privacy-policy"},"modified":"2020-07-31T11:28:16","modified_gmt":"2020-07-31T11:28:16","slug":"privacy-policy","status":"publish","type":"page","link":"https:\/\/diguelsfere.com\/en\/privacy-policy","title":{"rendered":"Privacy Policy"},"content":{"rendered":"<p>[vc_row hide_bg_image_on_tablet=&#8221;&#8221; hide_bg_image_on_mobile=&#8221;&#8221; css=&#8221;.vc_custom_1527690588959{background-color: #f7f8f9 !important;}&#8221;][vc_column icons_position=&#8221;left&#8221;][vc_empty_space height=&#8221;4em&#8221; alter_height=&#8221;none&#8221; hide_on_mobile=&#8221;&#8221; hide_on_desktop=&#8221;&#8221; hide_on_notebook=&#8221;&#8221; hide_on_tablet=&#8221;&#8221;]<div id=\"sc_content_1606486306\"\n\t\tclass=\"sc_content sc_content_default sc_float_center p70\"><div class=\"sc_content_container\">[vc_column_text]<\/p>\n<h3><strong>PRIVACY POLICY<\/strong><\/h3>\n<p>Gentile Cliente, desideriamo informarLa che \u201cRegolamento Europeo 2016\/679 relativo alla protezione delle persone fisiche con riguardo al Trattamento dei Dati Personali, nonch\u00e9 alla libera circolazione di tali dati\u201d (da ora in poi \u201cGDPR\u201d) prevede la protezione delle persone fisiche con riguardo al trattamento dei dati di carattere personale come diritto fondamentale. Ai sensi dell\u2019articolo 13 del GDPR, pertanto, La informiamo che:<\/p>\n<p>&nbsp;<\/p>\n<h4><strong class=\"western\">CATEGORIE DI DATI:<\/strong><strong class=\"western\"><br \/>\n<\/strong><\/h4>\n<p>diguel di Leonardo Ciavarrella S.a.s. e C., P.IVA 04083990400, via N. Paganini 26 &#8211; 47843 Misano Adriatico RN [info@diguelsfere.com]\u00a0<b>titolare del trattamento<\/b> tratter\u00e0 i suoi dati personali quali:<\/p>\n<ul>\n<li>Dati raccolti in automatico. I sistemi informatici e gli applicativi dedicati al funzionamento di questo sito web rilevano, nel corso del loro normale funzionamento, alcuni dati (la cui trasmissione \u00e8 implicita nell\u2019uso dei protocolli di comunicazione di Internet) potenzialmente associati ad utenti identificabili. Tra i dati raccolti sono compresi gli indirizzi IP e i nomi di dominio dei computer utilizzati dagli utenti che si connettono al sito, gli indirizzi in notazione URI (Uniform Resource Identifier) delle risorse richieste, l\u2019orario della richiesta, il metodo utilizzato nel sottoporre la richiesta al server, la dimensione del file ottenuto in risposta, il codice numerico indicante lo stato della risposta data dal server (buon fine, errore, ecc.) ed altri parametri riguardanti il sistema operativo, il browser e l\u2019ambiente informatico utilizzato dall\u2019utente. Questi dati vengono trattati, per il tempo strettamente necessario, al solo fine di ricavare informazioni statistiche sull\u2019uso del sito e per controllarne il regolare funzionamento. Il conferimento di tali dati \u00e8 obbligatorio in quanto direttamente collegato all\u2019esperienza di navigazione web.<\/li>\n<li>Dati forniti volontariamente dall\u2019utente. L\u2019invio volontario ed esplicito di posta elettronica agli indirizzi indicati nei differenti canali di accesso di questo sito non comporta richiesta di consenso e l\u2019eventuale compilazione di form specificamente predisposti comportano la successiva acquisizione dell\u2019indirizzo e dei dati del mittente\/utente, necessari per rispondere alle istanze prodotte e\/o erogare il servizio richiesto. L\u2019invio volontario, da parte vostra, di mail ai nostri indirizzi di posta elettronica non necessitano di ulteriori informative o richieste di consenso. Al contrario, specifiche informative di sintesi saranno riportate o visualizzate nelle pagine del sito predisposte per particolari servizi a richiesta (form). L\u2019utente dovr\u00e0 pertanto acconsentire esplicitamente all\u2019utilizzo dei dati riportati in questi form per poter inviare la richiesta.<\/li>\n<li>Cookies. Il sito non utilizza cookie tecnici\/di profilazione di terze parti i quali potrebbero raccogliere dati di navigazione degli utenti, il cui conferimento \u00e8 facoltativo ed avviene tramite espressione di un consenso libero ed informato. I cookies operano al fine di analizzare l\u2019efficacia del sito e renderlo nel tempo pi\u00f9 facile ed intuitivo. I dati raccolti grazie ai cookie servono per rendere l\u2019esperienza di navigazione pi\u00f9 piacevole e pi\u00f9 efficiente in futuro, cercando di valutare il comportamento degli utenti e di modificare la proposizione di offerta dei contenuti in funzione del loro comportamento. Per maggiori informazioni \u00e8 disponibile una apposita cookie policy.<\/li>\n<\/ul>\n<h4><strong class=\"western\"><b>LUOGO DI TRATTAMENTO DEI DATI<\/b><\/strong><\/h4>\n<p>I trattamenti connessi ai servizi web di questo sito hanno luogo presso la predetta sede titolare del trattamento.<br \/>\nI dati saranno trattati dal Titolare e curati solo da personale tecnico e amministrativo incaricato del trattamento, oppure da eventuali incaricati di occasionali operazioni di manutenzione, a seconda della finalit\u00e0 da realizzare sulla base della richiesta dell\u2019interessato. Nessun dato derivante dal servizio web sar\u00e0 diffuso. L\u2019elenco di eventuali responsabili del trattamento \u00e8 disponibile presso il Titolare e pu\u00f2 essere richiesto con email all\u2019indirizzo sopraindicato.<\/p>\n<h4><strong class=\"western\">FINALIT\u00c0 DI TRATTAMENTO DEI DATI E BASE GIURIDICA: <\/strong><\/h4>\n<p>Il trattamento dei Suoi dati ha come base giuridica il suo consenso ed \u00e8 effettuato per la seguente finalit\u00e0: Migliorare l\u2019esperienza di navigazione web.<\/p>\n<h4><strong class=\"western\">DESTINATARI DEI DATI: <\/strong><\/h4>\n<p>Nei limiti pertinenti alle finalit\u00e0 di trattamento indicate, i Suoi dati potranno essere comunicati a partner, societ\u00e0 di consulenza, aziende private, nominati Responsabili dal Titolare del Trattamento o per obblighi di legge o per adempiere a vostre specifiche richieste. I Suoi dati non saranno in alcun modo oggetto di diffusione salvo. I Responsabili e gli Incaricati del trattamento in carica sono puntualmente individuati nel Documento sulla Privacy, aggiornato con cadenza periodica.<\/p>\n<h4><strong class=\"western\">TRASFERIMENTO DEI DATI ALL\u2019ESTERO: <\/strong><\/h4>\n<p>I dati raccolti non sono oggetto di trasferimento all\u2019estero.<\/p>\n<h4><strong class=\"western\">PERIODO DI CONSERVAZIONE: <\/strong><\/h4>\n<p>I dati raccolti verranno conservati per un arco di tempo non superiore al conseguimento delle finalit\u00e0 per le quali sono trattati (\u201cprincipio di limitazione della conservazione\u201d, art.5, GDPR) o in base alle scadenze previste dalle norme di legge. La verifica sulla obsolescenza dei dati conservati in relazione alle finalit\u00e0 per cui sono stati raccolti viene effettuata periodicamente.<\/p>\n<h4><strong class=\"western\">DIRITTI DELL\u2019INTERESSATO: <\/strong><\/h4>\n<p>L\u2019interessato ha sempre diritto a richiedere al Titolare l\u2019accesso ai Suoi dati, la rettifica o la cancellazione degli stessi, la limitazione del trattamento o la possibilit\u00e0 di opporsi al trattamento, di richiedere la portabilit\u00e0 dei dati, di revocare il consenso al trattamento facendo valere questi e gli altri diritti previsti dal GDPR tramite semplice comunicazione al Titolare. L\u2018interessato pu\u00f2 proporre reclamo anche a un\u2019autorit\u00e0 di controllo.<\/p>\n<h4><strong class=\"western\">OBBLIGATORIET\u00c0 O MENO DEL CONSENSO: <\/strong><\/h4>\n<p>Il conferimento dei Suoi dati \u00e8 obbligatorio durante la navigazione del nostro sito web.<\/p>\n<h4><strong class=\"western\">MODALIT\u00c0 DI TRATTAMENTO DEI DATI: <\/strong><\/h4>\n<p>I dati personali da Lei forniti, formeranno oggetto di operazioni di trattamento nel rispetto della normativa sopracitata e degli obblighi di riservatezza cui \u00e8 ispirata l\u2019attivit\u00e0 del Titolare. I dati verranno trattati sia con strumenti informatici sia su supporti cartacei sia su ogni altro tipo di supporto idoneo, nel rispetto delle misure adeguate di sicurezza ai sensi dell\u2019art 5 par. 1 lett. F del GDPR.<\/p>\n<h3><b>Cookie Policy<\/b><\/h3>\n<h4><strong class=\"western\">Cosa sono i cookie?<\/strong><\/h4>\n<p>I cookie sono piccoli file di testo inviati dal sito al terminale dell\u2019interessato (solitamente al browser), dove vengono memorizzati per essere poi ritrasmessi al sito alla successiva visita del medesimo utente. Un cookie non pu\u00f2 richiamare nessun altro dato dal disco fisso dell\u2019utente n\u00e9 trasmettere virus informatici o acquisire indirizzi email. Ogni cookie \u00e8 unico per il web browser dell\u2019utente. Alcune delle funzioni dei cookie possono essere demandate ad altre tecnologie. Nel presente documento con il termine \u2018cookie\u2019 si vuol far riferimento sia ai cookie, propriamente detti, sia a tutte le tecnologie similari.<\/p>\n<p>Mediante i cookie \u00e8 possibile registrare informazioni relative alle sue preferenze, come le pagine navigate o il download di file dal ns. sito o altre azioni similari effettuate navigando il nostro sito.<\/p>\n<h4 class=\"western\">Cookie di prima o di terza parte<\/h4>\n<p>I cookie possono essere di prima o di terza parte, dove per \u201cprima parte\u201d si intendono i cookie sviluppati dal Titolare del sito stesso, mentre per \u201cterza parte\u201d si intendono i cookie sviluppati da Terzi rispetto il Titolare del sito.<\/p>\n<h4><strong class=\"western\">Natura dei cookie<\/strong><\/h4>\n<p>Relativamente alla natura dei cookie, ne esistono di diversi tipi:<\/p>\n<h5><strong class=\"western\">Cookie tecnici<\/strong><\/h5>\n<p>I cookie tecnici sono quelli utilizzati al solo fine di effettuare la trasmissione di una comunicazione su una rete di comunicazione elettronica, o nella misura strettamente necessaria al fornitore di un servizio della societ\u00e0 dell\u2019informazione esplicitamente richiesto dall\u2019abbonato o dall\u2019utente a erogare tale servizio.<\/p>\n<p>Essi non vengono utilizzati per scopi ulteriori e sono normalmente installati direttamente dal titolare o gestore del sito web. Possono essere suddivisi in:<\/p>\n<p>\u2013 <strong class=\"western\">cookie di navigazione o di sessione, <\/strong>che garantiscono la normale navigazione e fruizione del sito web (permettendo, ad esempio, di realizzare un acquisto o autenticarsi per accedere ad aree riservate); essi sono di fatto necessari per il corretto funzionamento del sito;<\/p>\n<p>\u2013 <strong class=\"western\">cookie analytics<\/strong>, assimilati ai cookie tecnici laddove utilizzati direttamente dal gestore del sito per raccogliere informazioni, in forma aggregata, sul numero degli utenti e su come questi visitano il sito stesso, al fine di migliorare le performance del sito;<\/p>\n<p>\u2013 <strong class=\"western\">cookie di funzionalit\u00e0<\/strong>, che permettono all\u2019utente la navigazione in funzione di una serie di criteri selezionati (ad esempio, la lingua, i prodotti selezionati per l\u2019acquisto) al fine di migliorare il servizio reso allo stesso. Per l\u2019installazione di tali cookie non \u00e8 richiesto il preventivo consenso degli utenti (pi\u00f9 informazioni nel paragrafo Gestione dei cookie in basso).<\/p>\n<h5><strong class=\"western\">Cookie di profilazione<\/strong><\/h5>\n<p>I cookie di profilazione sono volti a creare profili relativi all\u2019utente e vengono utilizzati al fine di inviare messaggi pubblicitari in linea con le preferenze manifestate dallo stesso nell\u2019ambito della navigazione in rete.<\/p>\n<p>Per l\u2019utilizzo dei cookie di profilazione \u00e8 richiesto il consenso dell\u2019interessato. Secondo il provvedimento <strong class=\"western\">n. 229 dell\u20198 maggio 2014<\/strong> l\u2019utente deve poter autorizzare o negare il consenso all\u2019installazione dei cookie di profilazione qualora essi siano presenti.<\/p>\n<p>In caso di cookie di terze parti, il sito non ha un controllo diretto dei singoli cookie e non pu\u00f2 controllarli (non pu\u00f2 n\u00e9 installarli direttamente n\u00e9 cancellarli). Puoi comunque gestire questi cookie attraverso le impostazioni del browser (segui le istruzioni riportate pi\u00f9 avanti), o i siti indicati nella sezione \u201cGestione dei cookie\u201d.<\/p>\n<p>L\u2019Utente \u00e8 pertanto invitato a verificare sul sito della terza parte indicato di seguito.<\/p>\n<h4 class=\"western\"><strong class=\"western\">Cookie installati su questo sito<\/strong><\/h4>\n<p>Ecco l\u2019elenco dei cookie (raggruppati logicamente a livello di funzionalit\u00e0 o fornitore) presenti sul sito. I cookie di terze parti presentano il collegamento all\u2019informativa della privacy del relativo fornitore esterno, dove \u00e8 possibile trovare una dettagliata descrizione dei singoli cookie e del trattamento che ne viene fatto.<\/p>\n<p><strong class=\"western\">Google Analytics<\/strong><\/p>\n<p>Si tratta di cookie di monitoraggio per la generazione di statistiche sull\u2019utilizzo del sito. Google Analytics utilizza, nel nostro sito, cookie che non memorizzano dati personali e che vengono depositati sul computer dell\u2019utente per consentire al gestore del sito web di analizzare come gli utenti utilizzano il sito stesso. Abbiamo adottato strumenti che riducono il potere identificativo dei cookie tramite il mascheramento di porzioni significative dell\u2019IP. Per impedire la memorizzazione dei predetti cookie l\u2019utente potr\u00e0 scaricare l\u2019apposito componente aggiuntivo reperibile al seguente link:\u00a0<strong class=\"western\">https:\/\/tools.google.com\/dlpage\/gaoptout<\/strong><\/p>\n<p><strong class=\"western\">Google Adwords\/Adsense<\/strong><\/p>\n<p>E\u2019 un servizio fornito da Google Inc. E\u2019 la piattaforma pubblicitaria di Google che permette la pubblicazione di annunci testuali, immagini e video sulle pagine dei risultati di ricerca e sui siti della rete di contenuti Google. Il nostro sito utilizza Google Adwords unicamente per promuovere i propri servizi sul web. Inoltre utilizza servizi di remarketing che consentono di mostrare annunci pubblicitari agli utenti che hanno gi\u00e0 visitato questo sito web, mentre navigano in internet. Per maggiori informazioni consultare la pagina <strong class=\"western\">https:\/\/support.google.com\/adwords\/answer\/2407785?hl=it<\/strong><\/p>\n<p><strong class=\"western\">Google Tag Manager<\/strong><\/p>\n<p>Google Tag Manager consente di implementare Google Analytics utilizzando il tag di Universal Analytics o la versione classica del tag.<\/p>\n<p>Per maggiori informazioni, consultare la pagina <strong class=\"western\">https:\/\/www.google.it\/intl\/it\/policies\/technologies\/cookies\/<\/strong><\/p>\n<p><strong class=\"western\">Google AJAX Search API<\/strong><\/p>\n<p>Google AJAX Serarch API \u00e8 una libreria Javascript che permette di inserire la barra di ricerca di Google nelle pagine internet o in altri applicativi online.<\/p>\n<p>Per maggiori informazioni, consultare la pagina <strong class=\"western\">https:\/\/www.google.it\/intl\/it\/policies\/technologies\/cookies\/<\/strong><\/p>\n<p><strong class=\"western\">Pinterest<\/strong><\/p>\n<p>Pinterest utilizza cookie per offrire all\u2019utente funzionalit\u00e0 di condivisione sulla propria bacheca. Per maggiori informazioni, consultare la pagina <strong class=\"western\">https:\/\/about.pinterest.com\/it\/privacy-policy<\/strong><\/p>\n<p><strong class=\"western\">Twitter<\/strong><\/p>\n<p>Twitter utilizza cookie per offrire all\u2019utente funzionalit\u00e0 di condivisione sulla propria bacheca. Per maggiori informazioni, consultare la pagina <strong class=\"western\">https:\/\/support.twitter.com\/articles\/20170519-uso-dei-cookie-e-di-altre-tecnologie-simili-da-parte-di-twitter<\/strong><\/p>\n<p><strong class=\"western\">Facebook<\/strong><\/p>\n<p>Facebook utilizza cookie per offrire all\u2019utente funzionalit\u00e0 di condivisione e di \u201clike\u201d sulla propria bacheca. Per maggiori informazioni, consultare la pagina <strong class=\"western\">https:\/\/www.facebook.com\/about\/privacy<\/strong><\/p>\n<p>Sono presenti<strong class=\"western\"> cookie di profilazione<\/strong> sul nostro sito.<\/p>\n<h4 class=\"western\"><strong class=\"western\">Durata dei cookie<\/strong><\/h4>\n<p>I cookie hanno una durata dettata dalla data di scadenza (o da un\u2019azione specifica come la chiusura del browser) impostata al momento dell\u2019installazione. I cookie possono essere:<\/p>\n<ul>\n<li>temporanei o di sessione (session cookie): sono utilizzati per archiviare informazioni temporanee, consentono di collegare le azioni eseguite durante una sessione specifica e vengono rimossi dal computer alla chiusura del browser;<\/li>\n<li>permanenti (persistent cookie): sono utilizzati per archiviare informazioni, ad esempio il nome e la password di accesso, in modo da evitare che l\u2019utente debba digitarli nuovamente ogni volta che visita un sito specifico. Questi rimangono memorizzati nel computer anche dopo aver chiuso il browser.<\/li>\n<\/ul>\n<p>I c.d. cookies di sessione, una volta terminata la connessione al presente sito web, non vengono conservati. I sistemi informatici utilizzati per il presente sito utilizzano <strong class=\"western\">sia cookie temporanei sia cookie permanenti.<\/strong><\/p>\n<h4 class=\"western\"><strong class=\"western\">Gestione dei cookie<\/strong><\/h4>\n<p>Puoi disattivare i cookies presenti sui siti web scaricando appositi software quali <strong class=\"western\">Ghostery<\/strong> per il tuo browser e disabilitando l\u2019utilizzo dei singoli cookies. Oppure puoi attivare la modalit\u00e0 di \u201cnavigazione anonima\u201d \u2013 si tratta di una funzione che consente di navigare senza lasciare traccia nel browser dei dati di navigazione. Tale funzione consente unicamente di non mantenere i dati di navigazione nel browser.<\/p>\n<p>In alternativa, puoi disabilitare\/cancellare i cookie mediante l\u2019accesso al pannello di configurazione del tuo browser.<\/p>\n<h4 class=\"western\"><strong>Accettazione e rinuncia dei cookie<\/strong><\/h4>\n<p>Proseguendo nella navigazione su questo sito, chiudendo la fascetta informativa o facendo click in una qualsiasi parte della pagina o scorrendola per evidenziare ulteriore contenuto, si accetta la Cookie Policy e verranno impostati e raccolti i cookie. In caso di mancata accettazione dei cookie mediante abbandono della navigazione, eventuali cookie gi\u00e0 registrati localmente nel Suo browser rimarranno ivi registrati ma non saranno pi\u00f9 letti n\u00e9 utilizzati da noi fino ad una successiva ed eventuale accettazione della Policy.<\/p>\n<p><strong class=\"western\">Lei avr\u00e0 sempre la possibilit\u00e0 di rimuovere tali cookie in qualsiasi momento attraverso le modalit\u00e0 citate.<\/strong>[\/vc_column_text]<\/div><\/div><!-- \/.sc_content -->[vc_empty_space height=&#8221;4em&#8221; alter_height=&#8221;none&#8221; hide_on_mobile=&#8221;&#8221; hide_on_desktop=&#8221;&#8221; hide_on_notebook=&#8221;&#8221; hide_on_tablet=&#8221;&#8221;][\/vc_column][\/vc_row][vc_row][vc_column icons_position=&#8221;left&#8221;][vc_empty_space height=&#8221;8em&#8221; alter_height=&#8221;none&#8221; hide_on_mobile=&#8221;&#8221; hide_on_desktop=&#8221;&#8221; hide_on_notebook=&#8221;&#8221; hide_on_tablet=&#8221;&#8221;][\/vc_column][\/vc_row]<\/p>\n","protected":false},"excerpt":{"rendered":"<p>[vc_row hide_bg_image_on_tablet=&#8221;&#8221; hide_bg_image_on_mobile=&#8221;&#8221; css=&#8221;.vc_custom_1527690588959{background-color: #f7f8f9 !important;}&#8221;][vc_column icons_position=&#8221;left&#8221;][vc_empty_space height=&#8221;4em&#8221; alter_height=&#8221;none&#8221; hide_on_mobile=&#8221;&#8221; hide_on_desktop=&#8221;&#8221; hide_on_notebook=&#8221;&#8221; hide_on_tablet=&#8221;&#8221;][vc_empty_space height=&#8221;4em&#8221; alter_height=&#8221;none&#8221; hide_on_mobile=&#8221;&#8221; hide_on_desktop=&#8221;&#8221; hide_on_notebook=&#8221;&#8221; hide_on_tablet=&#8221;&#8221;][\/vc_column][\/vc_row][vc_row][vc_column icons_position=&#8221;left&#8221;][vc_empty_space height=&#8221;8em&#8221; alter_height=&#8221;none&#8221; hide_on_mobile=&#8221;&#8221; hide_on_desktop=&#8221;&#8221; hide_on_notebook=&#8221;&#8221; hide_on_tablet=&#8221;&#8221;][\/vc_column][\/vc_row]<\/p>\n","protected":false},"author":1,"featured_media":0,"parent":0,"menu_order":7,"comment_status":"closed","ping_status":"closed","template":"","meta":{"footnotes":""},"class_list":["post-1519","page","type-page","status-publish","hentry"],"_links":{"self":[{"href":"https:\/\/diguelsfere.com\/en\/wp-json\/wp\/v2\/pages\/1519","targetHints":{"allow":["GET"]}}],"collection":[{"href":"https:\/\/diguelsfere.com\/en\/wp-json\/wp\/v2\/pages"}],"about":[{"href":"https:\/\/diguelsfere.com\/en\/wp-json\/wp\/v2\/types\/page"}],"author":[{"embeddable":true,"href":"https:\/\/diguelsfere.com\/en\/wp-json\/wp\/v2\/users\/1"}],"replies":[{"embeddable":true,"href":"https:\/\/diguelsfere.com\/en\/wp-json\/wp\/v2\/comments?post=1519"}],"version-history":[{"count":1,"href":"https:\/\/diguelsfere.com\/en\/wp-json\/wp\/v2\/pages\/1519\/revisions"}],"predecessor-version":[{"id":1520,"href":"https:\/\/diguelsfere.com\/en\/wp-json\/wp\/v2\/pages\/1519\/revisions\/1520"}],"wp:attachment":[{"href":"https:\/\/diguelsfere.com\/en\/wp-json\/wp\/v2\/media?parent=1519"}],"curies":[{"name":"wp","href":"https:\/\/api.w.org\/{rel}","templated":true}]}}